{"id":13148,"date":"2025-07-21T07:57:26","date_gmt":"2025-07-21T07:57:26","guid":{"rendered":"https:\/\/hauke-nadzeika.com\/?page_id=13148"},"modified":"2025-07-22T09:33:12","modified_gmt":"2025-07-22T09:33:12","slug":"info-2","status":"publish","type":"page","link":"https:\/\/hauke-nadzeika.com\/","title":{"rendered":"Info"},"content":{"rendered":"<p>[et_pb_section fb_built=&#187;1&#8243; _builder_version=&#187;4.27.4&#8243; _module_preset=&#187;default&#187; background_enable_color=&#187;off&#187; background_enable_image=&#187;off&#187; custom_padding=&#187;0%||0%||false|false&#187; global_colors_info=&#187;{}&#187;][et_pb_row column_structure=&#187;2_5,3_5&#8243; use_custom_gutter=&#187;on&#187; gutter_width=&#187;1&#8243; make_equal=&#187;on&#187; _builder_version=&#187;4.27.4&#8243; _module_preset=&#187;default&#187; background_color=&#187;RGBA(255,255,255,0)&#187; background_enable_image=&#187;off&#187; width=&#187;100%&#187; max_width=&#187;1600px&#187; custom_padding=&#187;0px||0px||true|false&#187; hover_enabled=&#187;0&#8243; custom_css_main_element=&#187;align-items: center;&#187; global_colors_info=&#187;{}&#187; sticky_enabled=&#187;0&#8243;][et_pb_column type=&#187;2_5&#8243; _builder_version=&#187;4.27.4&#8243; _module_preset=&#187;default&#187; background_enable_image=&#187;off&#187; background_video_mp4=&#187;https:\/\/hauke-nadzeika.com\/wp-content\/uploads\/2025\/07\/3099522-hd_1920_1080_25fps.mp4&#8243; hover_enabled=&#187;0&#8243; global_colors_info=&#187;{}&#187; background_last_edited=&#187;on|phone&#187; sticky_enabled=&#187;0&#8243; title_text=&#187;3099522-sd_960_540_25fps&#187; background_video_mp4_tablet=&#187;https:\/\/hauke-nadzeika.com\/wp-content\/uploads\/2025\/07\/3099522-sd_960_540_25fps.mp4&#8243; background_enable_video_mp4_tablet=&#187;on&#187; background_video_mp4_phone=&#187;https:\/\/hauke-nadzeika.com\/wp-content\/uploads\/2025\/07\/3099522-sd_960_540_25fps.mp4&#8243; background_enable_video_mp4_phone=&#187;on&#187;][et_pb_text content_tablet=&#187;<\/p>\n<p style=%22text-align: left;%22>Re<\/p>\n<p>&#187; content_phone=&#187;<\/p>\n<p style=%22text-align: center;%22>Re<\/p>\n<p>&#187; content_last_edited=&#187;on|phone&#187; _builder_version=&#187;4.27.4&#8243; _module_preset=&#187;default&#187; text_font=&#187;&#8211;et_global_body_font|900||on|||||&#187; text_text_color=&#187;#003447&#8243; text_font_size=&#187;22em&#187; text_letter_spacing=&#187;-35px&#187; text_line_height=&#187;1em&#187; background_color=&#187;#ffffff&#187; module_alignment=&#187;center&#187; custom_margin=&#187;||||false|false&#187; custom_margin_tablet=&#187;-25px||-10px||false|false&#187; custom_margin_phone=&#187;0px|0px|0px|0px|false|false&#187; custom_margin_last_edited=&#187;on|phone&#187; custom_padding=&#187;80px||80px||false|false&#187; custom_padding_tablet=&#187;0px||0px||false|false&#187; custom_padding_phone=&#187;90px||105px||false|false&#187; custom_padding_last_edited=&#187;on|tablet&#187; mix_blend_mode=&#187;screen&#187; text_font_size_tablet=&#187;25em&#187; text_font_size_phone=&#187;20em&#187; text_font_size_last_edited=&#187;on|tablet&#187; text_letter_spacing_tablet=&#187;-32px&#187; text_letter_spacing_phone=&#187;-33px&#187; text_letter_spacing_last_edited=&#187;on|phone&#187; text_line_height_tablet=&#187;1em&#187; text_line_height_phone=&#187;0.2em&#187; text_line_height_last_edited=&#187;on|phone&#187; global_colors_info=&#187;{}&#187;]<\/p>\n<p style=\"text-align: right;\">Re<\/p>\n<p>[\/et_pb_text][\/et_pb_column][et_pb_column type=&#187;3_5&#8243; _builder_version=&#187;4.27.4&#8243; _module_preset=&#187;default&#187; background_enable_image=&#187;off&#187; background_enable_video_mp4=&#187;off&#187; custom_padding=&#187;|||2%|false|false&#187; custom_padding_tablet=&#187;|||2%|false|false&#187; custom_padding_phone=&#187;|||0%|false|false&#187; custom_padding_last_edited=&#187;on|phone&#187; global_colors_info=&#187;{}&#187;][et_pb_divider color=&#187;#0ffff7&#8243; divider_position=&#187;center&#187; _builder_version=&#187;4.27.4&#8243; _module_preset=&#187;default&#187; width=&#187;24px&#187; custom_margin=&#187;0px|||0px|false|false&#187; custom_padding=&#187;0px||0px||true|false&#187; module_alignment_tablet=&#187;&#187; module_alignment_phone=&#187;center&#187; module_alignment_last_edited=&#187;on|phone&#187; global_colors_info=&#187;{}&#187;][\/et_pb_divider][et_pb_text content_tablet=&#187;<\/p>\n<p>new<\/p>\n<p>&#187; content_phone=&#187;<\/p>\n<p style=%22text-align: center;%22>new<\/p>\n<p>&#187; content_last_edited=&#187;on|phone&#187; _builder_version=&#187;4.27.4&#8243; _module_preset=&#187;default&#187; text_font=&#187;&#8211;et_global_body_font|800|||||||&#187; text_text_color=&#187;#001954&#8243; text_font_size=&#187;3em&#187; text_letter_spacing=&#187;-1px&#187; custom_margin=&#187;|||-3px|false|false&#187; global_colors_info=&#187;{}&#187;]<\/p>\n<p>new<\/p>\n<p>[\/et_pb_text][et_pb_divider color=&#187;#0ffff7&#8243; divider_position=&#187;center&#187; _builder_version=&#187;4.27.4&#8243; _module_preset=&#187;default&#187; width=&#187;25px&#187; custom_margin=&#187;10px|||0px|false|false&#187; custom_padding=&#187;0px||0px||true|false&#187; module_alignment_tablet=&#187;&#187; module_alignment_phone=&#187;center&#187; module_alignment_last_edited=&#187;on|phone&#187; global_colors_info=&#187;{}&#187;][\/et_pb_divider][et_pb_text content_tablet=&#187;<\/p>\n<p>Dringend Zeit f\u00fcr was Neues.<br \/>Ich freue mich, in K\u00fcrze neuen Content in neuem Design pr\u00e4sentieren zu k\u00f6nnen.<\/p>\n<p>&#187; content_phone=&#187;<\/p>\n<p style=%22text-align: center;%22>Dringend Zeit f\u00fcr was Neues.<br \/>Ich freue mich, in K\u00fcrze neuen Content in neuem Design pr\u00e4sentieren zu k\u00f6nnen.<\/p>\n<p>&#187; content_last_edited=&#187;on|phone&#187; _builder_version=&#187;4.27.4&#8243; _module_preset=&#187;default&#187; text_font=&#187;&#8211;et_global_body_font||||||||&#187; text_text_color=&#187;rgba(0,25,84,0.8)&#187; text_font_size=&#187;16px&#187; text_line_height=&#187;1.5em&#187; custom_margin=&#187;0px|||0px|false|false&#187; global_colors_info=&#187;{}&#187;]<\/p>\n<p>Dringend Zeit f\u00fcr was Neues.<br \/>Ich freue mich, in K\u00fcrze neuen Content in neuem Design pr\u00e4sentieren zu k\u00f6nnen.<\/p>\n<p>[\/et_pb_text][et_pb_button button_url=&#187;@ET-DC@eyJkeW5hbWljIjp0cnVlLCJjb250ZW50IjoicG9zdF9saW5rX3VybF9wYWdlIiwic2V0dGluZ3MiOnsicG9zdF9pZCI6IjEzMjc1In19@&#187; button_text=&#187;kontakt&#187; button_alignment_tablet=&#187;&#187; button_alignment_phone=&#187;center&#187; button_alignment_last_edited=&#187;on|phone&#187; _builder_version=&#187;4.27.4&#8243; _dynamic_attributes=&#187;button_url&#187; _module_preset=&#187;default&#187; custom_button=&#187;on&#187; button_text_size=&#187;19px&#187; button_text_color=&#187;#ffffff&#187; button_bg_color=&#187;#0ffff7&#8243; button_border_width=&#187;0.5px&#187; button_border_color=&#187;#0ffff7&#8243; button_border_radius=&#187;20px&#187; button_font=&#187;&#8211;et_global_body_font|700|on||||||&#187; button_use_icon=&#187;off&#187; custom_margin=&#187;30px|||0px|false|false&#187; custom_padding=&#187;2px|20px|3px|20px|false|true&#187; button_border_color_tablet=&#187;#0ffff7&#8243; button_border_color_phone=&#187;#0ffff7&#8243; button_border_color_last_edited=&#187;on|desktop&#187; global_colors_info=&#187;{}&#187; button_bg_color__hover_enabled=&#187;on|desktop&#187; button_bg_color__hover=&#187;#FFFFFF&#187; button_bg_enable_color__hover=&#187;on&#187; button_text_color__hover_enabled=&#187;on|hover&#187; button_text_color__hover=&#187;#0ffff7&#8243; button_border_color__hover_enabled=&#187;on|desktop&#187; button_border_color__hover=&#187;#0ffff7&#8243;][\/et_pb_button][\/et_pb_column][\/et_pb_row][\/et_pb_section]<\/p>\n","protected":false},"excerpt":{"rendered":"<p>RenewDringend Zeit f\u00fcr was Neues.Ich freue mich, in K\u00fcrze neuen Content in neuem Design pr\u00e4sentieren zu k\u00f6nnen.<\/p>\n","protected":false},"author":1,"featured_media":0,"parent":0,"menu_order":0,"comment_status":"closed","ping_status":"closed","template":"","meta":{"_et_pb_use_builder":"on","_et_pb_old_content":"<!-- wp:divi\/placeholder \/-->","_et_gb_content_width":"","footnotes":""},"class_list":["post-13148","page","type-page","status-publish","hentry"],"_links":{"self":[{"href":"https:\/\/hauke-nadzeika.com\/index.php?rest_route=\/wp\/v2\/pages\/13148","targetHints":{"allow":["GET"]}}],"collection":[{"href":"https:\/\/hauke-nadzeika.com\/index.php?rest_route=\/wp\/v2\/pages"}],"about":[{"href":"https:\/\/hauke-nadzeika.com\/index.php?rest_route=\/wp\/v2\/types\/page"}],"author":[{"embeddable":true,"href":"https:\/\/hauke-nadzeika.com\/index.php?rest_route=\/wp\/v2\/users\/1"}],"replies":[{"embeddable":true,"href":"https:\/\/hauke-nadzeika.com\/index.php?rest_route=%2Fwp%2Fv2%2Fcomments&post=13148"}],"version-history":[{"count":42,"href":"https:\/\/hauke-nadzeika.com\/index.php?rest_route=\/wp\/v2\/pages\/13148\/revisions"}],"predecessor-version":[{"id":13331,"href":"https:\/\/hauke-nadzeika.com\/index.php?rest_route=\/wp\/v2\/pages\/13148\/revisions\/13331"}],"wp:attachment":[{"href":"https:\/\/hauke-nadzeika.com\/index.php?rest_route=%2Fwp%2Fv2%2Fmedia&parent=13148"}],"curies":[{"name":"wp","href":"https:\/\/api.w.org\/{rel}","templated":true}]}}